{"id":1485,"date":"2021-09-10T10:27:55","date_gmt":"2021-09-10T10:27:55","guid":{"rendered":"https:\/\/www.einsneunzig.de\/?page_id=1485"},"modified":"2024-02-11T20:50:37","modified_gmt":"2024-02-11T20:50:37","slug":"willkommen","status":"publish","type":"page","link":"https:\/\/www.einsneunzig.de\/","title":{"rendered":"Willkommen"},"content":{"rendered":"\n<p>Willkommen auf meiner Website. Hier findest Du von allem ein bisschen und ein bisschen von Allem. Denn ich fotografiere leidenschaftlich gerne, ich ver\u00f6ffentliche Feldpostbriefe aus dem Zweiten Weltkrieg und ich engagiere mich auch noch gegen die Todesstrafe in den USA. Du denkst, dass das alles ein wenig konfus ist, und kaum zueinander passt? Dann hast Du Recht. Doch ich mag mich nicht festlegen und auch keine meiner Interessen alleine in den Vordergrund stellen. Das Leben ist einfach zu interessant, um sich selbst derart zu beschr\u00e4nken.<\/p>\n\n\n\n<p>Also ganz gleich ob Du wegen meiner Fotos, meiner B\u00fccher oder wegen Tony auf diese Seite gesto\u00dfen bist, ich hoffe, dass es Dir hier gefallen wird und Du etwas f\u00fcr Dich mitnehmen kannst aus dem bunten Sammelsurium meiner Interessen.<\/p>\n\n\n\n<p class=\"has-text-align-right\">BONNEY<\/p>\n","protected":false},"excerpt":{"rendered":"<p>Willkommen auf meiner Website. Hier findest Du von allem ein bisschen und ein bisschen von Allem. Denn ich fotografiere leidenschaftlich gerne, ich ver\u00f6ffentliche Feldpostbriefe aus dem Zweiten Weltkrieg und ich engagiere mich auch noch gegen die Todesstrafe in den USA. Du denkst, dass das alles ein wenig konfus ist, und kaum zueinander passt? Dann hast [&hellip;]<\/p>\n","protected":false},"author":1,"featured_media":0,"parent":0,"menu_order":0,"comment_status":"closed","ping_status":"closed","template":"","meta":{"footnotes":""},"_links":{"self":[{"href":"https:\/\/www.einsneunzig.de\/index.php?rest_route=\/wp\/v2\/pages\/1485"}],"collection":[{"href":"https:\/\/www.einsneunzig.de\/index.php?rest_route=\/wp\/v2\/pages"}],"about":[{"href":"https:\/\/www.einsneunzig.de\/index.php?rest_route=\/wp\/v2\/types\/page"}],"author":[{"embeddable":true,"href":"https:\/\/www.einsneunzig.de\/index.php?rest_route=\/wp\/v2\/users\/1"}],"replies":[{"embeddable":true,"href":"https:\/\/www.einsneunzig.de\/index.php?rest_route=%2Fwp%2Fv2%2Fcomments&post=1485"}],"version-history":[{"count":7,"href":"https:\/\/www.einsneunzig.de\/index.php?rest_route=\/wp\/v2\/pages\/1485\/revisions"}],"predecessor-version":[{"id":1883,"href":"https:\/\/www.einsneunzig.de\/index.php?rest_route=\/wp\/v2\/pages\/1485\/revisions\/1883"}],"wp:attachment":[{"href":"https:\/\/www.einsneunzig.de\/index.php?rest_route=%2Fwp%2Fv2%2Fmedia&parent=1485"}],"curies":[{"name":"wp","href":"https:\/\/api.w.org\/{rel}","templated":true}]}}