{"id":1699,"date":"2024-02-09T13:22:55","date_gmt":"2024-02-09T13:22:55","guid":{"rendered":"https:\/\/www.einsneunzig.de\/?page_id=1699"},"modified":"2024-05-14T20:20:34","modified_gmt":"2024-05-14T20:20:34","slug":"books","status":"publish","type":"page","link":"https:\/\/www.einsneunzig.de\/?page_id=1699","title":{"rendered":"ENG &#8211; BOOKS"},"content":{"rendered":"\n<p class=\"has-text-align-center has-large-font-size\"><strong>ENGLISH EDITIONS:<\/strong><\/p>\n\n\n\n<div class=\"wp-block-media-text is-stacked-on-mobile\" style=\"grid-template-columns:30% auto\"><figure class=\"wp-block-media-text__media\"><img loading=\"lazy\" decoding=\"async\" width=\"633\" height=\"1024\" src=\"https:\/\/www.einsneunzig.de\/wp-content\/uploads\/2024\/02\/My-pen-said-it-Cover-633x1024.jpg\" alt=\"\" class=\"wp-image-1756 size-full\" srcset=\"https:\/\/www.einsneunzig.de\/wp-content\/uploads\/2024\/02\/My-pen-said-it-Cover-633x1024.jpg 633w, https:\/\/www.einsneunzig.de\/wp-content\/uploads\/2024\/02\/My-pen-said-it-Cover-186x300.jpg 186w, https:\/\/www.einsneunzig.de\/wp-content\/uploads\/2024\/02\/My-pen-said-it-Cover-768x1242.jpg 768w, https:\/\/www.einsneunzig.de\/wp-content\/uploads\/2024\/02\/My-pen-said-it-Cover-950x1536.jpg 950w, https:\/\/www.einsneunzig.de\/wp-content\/uploads\/2024\/02\/My-pen-said-it-Cover-1267x2048.jpg 1267w, https:\/\/www.einsneunzig.de\/wp-content\/uploads\/2024\/02\/My-pen-said-it-Cover-scaled.jpg 1583w\" sizes=\"(max-width: 633px) 100vw, 633px\" \/><\/figure><div class=\"wp-block-media-text__content\">\n<p><strong>PETE RUSSELL &#8211; MY PEN SAID IT<\/strong><\/p>\n\n\n\n<p>To be a poet is to create and march to one&#8217;s own beat. To be a poet against the malignant rhythm of this godforsaken prison, is a revolutionary act governed by a love greater than the hate Pete is so often forced to bear. Pete is a poet. He is not beyond a prisoner&#8217;s burden, but he refuses to allow it to define him. From a broken and bruised place, Pete&#8217;s poems are butterflies that cannot be confined. This collection of 100 poems is an embodiment of his perseverance and a reflection of our struggle as a species.<\/p>\n<\/div><\/div>\n\n\n\n<div class=\"wp-block-buttons is-content-justification-left is-layout-flex wp-container-core-buttons-layout-1 wp-block-buttons-is-layout-flex\">\n<div class=\"wp-block-button\"><a class=\"wp-block-button__link has-text-align-center wp-element-button\" href=\"https:\/\/www.amazon.com\/-\/de\/dp\/3755737078\" target=\"_blank\" rel=\"noreferrer noopener\">AMAZON.COM<\/a><\/div>\n\n\n\n<div class=\"wp-block-button\"><a class=\"wp-block-button__link wp-element-button\" href=\"https:\/\/www.walmart.com\/ip\/My-pen-said-it-Paperback-9783755737070\/2618583708?\" target=\"_blank\" rel=\"noreferrer noopener\">WALMART.COM<\/a><\/div>\n<\/div>\n\n\n\n<p class=\"has-text-align-left\"><strong>Address: TDCJ, Pete Russell<\/strong>, <strong>#999-443<\/strong>, <strong>P.O.Box 660400, Dallas, TX 75266-0400, USA<\/strong><\/p>\n\n\n\n<hr class=\"wp-block-separator has-alpha-channel-opacity\"\/>\n\n\n\n<div class=\"wp-block-media-text has-media-on-the-right is-stacked-on-mobile\" style=\"grid-template-columns:auto 30%\"><div class=\"wp-block-media-text__content\">\n<p><strong>PERRY E. WILLIAMS &#8211; OPEN EYES<\/strong><\/p>\n\n\n\n<p>&#8222;Open eyes&#8220; is my soul laid bare. I cannot remember a time that things didn&#8217;t deeply affect me. Although, I could never put it into words. So I punched and kicked walls. I&#8217;ve sworn, yelled, bit at the air; and, at my lowest point, tried to end it all. Today, I look at the toll on my body, my scars (inner and outer), and marvel at how I ever ended up in such dark places&#8230; and more importantly, how I ever came back from them. I have been incarcerated in prison for the majority of my life under the worst sentence possible: Death! Men with this sentence are relegated to a building that is segregated and isolated from all other prisoners. Thus, the people you meet are also faced with the same uncertainty. Over the years I&#8217;ve lost so many friends, and am so troubled by it. I don&#8217;t know if I can ever emotionally bond in this place again. I&#8217;ve often asked guys who&#8217;ve been here longer than me how they do it. I&#8217;ve gotten numerous answers. Some discovered God. Some discovered themselves through meditation, art, crafts and creative writing. I&#8217;ve tried various forms of religion before turning to Christianity; giving my life to Christ and giving it meaning. I also discovered poetry and creative writing (the language that gives sound to feeling). The fists of my emotions strike the walls inside of me (trapped and wanting out), finally finding a means of expression. &#8222;Open eyes&#8220; is me, raw and uncut; free and unchained.<\/p>\n<\/div><figure class=\"wp-block-media-text__media\"><img loading=\"lazy\" decoding=\"async\" width=\"640\" height=\"1024\" src=\"https:\/\/www.einsneunzig.de\/wp-content\/uploads\/2024\/02\/Open-eyes-Cover-1-640x1024.jpg\" alt=\"\" class=\"wp-image-1761 size-full\" srcset=\"https:\/\/www.einsneunzig.de\/wp-content\/uploads\/2024\/02\/Open-eyes-Cover-1-640x1024.jpg 640w, https:\/\/www.einsneunzig.de\/wp-content\/uploads\/2024\/02\/Open-eyes-Cover-1-188x300.jpg 188w, https:\/\/www.einsneunzig.de\/wp-content\/uploads\/2024\/02\/Open-eyes-Cover-1-768x1228.jpg 768w, https:\/\/www.einsneunzig.de\/wp-content\/uploads\/2024\/02\/Open-eyes-Cover-1-961x1536.jpg 961w, https:\/\/www.einsneunzig.de\/wp-content\/uploads\/2024\/02\/Open-eyes-Cover-1-1281x2048.jpg 1281w, https:\/\/www.einsneunzig.de\/wp-content\/uploads\/2024\/02\/Open-eyes-Cover-1-scaled.jpg 1601w\" sizes=\"(max-width: 640px) 100vw, 640px\" \/><\/figure><\/div>\n\n\n\n<div class=\"wp-block-buttons is-content-justification-right is-layout-flex wp-container-core-buttons-layout-2 wp-block-buttons-is-layout-flex\">\n<div class=\"wp-block-button\"><a class=\"wp-block-button__link wp-element-button\" href=\"https:\/\/www.amazon.com\/-\/de\/dp\/3743118459\" target=\"_blank\" rel=\"noreferrer noopener\">AMAZON.COM<\/a><\/div>\n\n\n\n<div class=\"wp-block-button\"><a class=\"wp-block-button__link wp-element-button\" href=\"https:\/\/www.walmart.com\/ip\/Open-eyes-Through-my-lens-A-glimpse-of-my-world-Paperback-9783743118454\/1334182745\" target=\"_blank\" rel=\"noreferrer noopener\">WALMART.COM<\/a><\/div>\n<\/div>\n\n\n\n<p class=\"has-text-align-right\"><strong>Address: <strong>TDCJ, <\/strong>Perry Williams, #999-420, P.O.Box 660400, Dallas, TX 75266-0400, USA<\/strong><\/p>\n\n\n\n<hr class=\"wp-block-separator has-alpha-channel-opacity\"\/>\n\n\n\n<div class=\"wp-block-media-text is-stacked-on-mobile\" style=\"grid-template-columns:30% auto\"><figure class=\"wp-block-media-text__media\"><img loading=\"lazy\" decoding=\"async\" width=\"635\" height=\"1024\" src=\"https:\/\/www.einsneunzig.de\/wp-content\/uploads\/2024\/02\/M.E.-My-experience-Cover-1-635x1024.jpg\" alt=\"\" class=\"wp-image-1765 size-full\" srcset=\"https:\/\/www.einsneunzig.de\/wp-content\/uploads\/2024\/02\/M.E.-My-experience-Cover-1-635x1024.jpg 635w, https:\/\/www.einsneunzig.de\/wp-content\/uploads\/2024\/02\/M.E.-My-experience-Cover-1-186x300.jpg 186w, https:\/\/www.einsneunzig.de\/wp-content\/uploads\/2024\/02\/M.E.-My-experience-Cover-1-768x1239.jpg 768w, https:\/\/www.einsneunzig.de\/wp-content\/uploads\/2024\/02\/M.E.-My-experience-Cover-1-952x1536.jpg 952w, https:\/\/www.einsneunzig.de\/wp-content\/uploads\/2024\/02\/M.E.-My-experience-Cover-1-1269x2048.jpg 1269w, https:\/\/www.einsneunzig.de\/wp-content\/uploads\/2024\/02\/M.E.-My-experience-Cover-1-scaled.jpg 1587w\" sizes=\"(max-width: 635px) 100vw, 635px\" \/><\/figure><div class=\"wp-block-media-text__content\">\n<p><strong>CHRIS A. YOUNG &#8211; MY EXPERIENCE<\/strong><\/p>\n\n\n\n<p>I am sitting in a concrete cell, stranded on Texas death row, waiting to be murdered by the state. I was convicted of murdering a convenience store clerk while attempting to rob him, if you let the state tell it. But none of that matters now. I am here, captured by four walls that have defeated some of the strongest men. The fight is not only for my life but for the preservation of my sanity. Sitting on a steel makeshift bed, I look in retrospect at the long journey that has brought me to this situation.<\/p>\n<\/div><\/div>\n\n\n\n<div class=\"wp-block-buttons is-content-justification-left is-layout-flex wp-container-core-buttons-layout-3 wp-block-buttons-is-layout-flex\">\n<div class=\"wp-block-button\"><a class=\"wp-block-button__link wp-element-button\" href=\"https:\/\/www.amazon.com\/-\/de\/dp\/3734794293\" target=\"_blank\" rel=\"noreferrer noopener\">AMAZON.COM<\/a><\/div>\n\n\n\n<div class=\"wp-block-button\"><a class=\"wp-block-button__link wp-element-button\" href=\"https:\/\/www.walmart.com\/ip\/M-E-My-experience-How-death-row-saved-my-life-Paperback-9783734794292\/2176838858\" target=\"_blank\" rel=\"noreferrer noopener\">WALMART.COM<\/a><\/div>\n<\/div>\n\n\n\n<p class=\"has-text-align-left\"><strong>Chris was executed on July 17, 2018<\/strong><\/p>\n\n\n\n<hr class=\"wp-block-separator has-alpha-channel-opacity\"\/>\n\n\n\n<p class=\"has-text-align-center has-large-font-size\"><strong>GERMAN EDITIONS:<\/strong><\/p>\n\n\n\n<div class=\"wp-block-media-text is-stacked-on-mobile\" style=\"grid-template-columns:30% auto\"><figure class=\"wp-block-media-text__media\"><img loading=\"lazy\" decoding=\"async\" width=\"607\" height=\"1024\" src=\"https:\/\/www.einsneunzig.de\/wp-content\/uploads\/2024\/05\/Wie-mir-die-Todesstrafe-das-Leben-rettete-Cover-1-607x1024.jpg\" alt=\"\" class=\"wp-image-1917 size-full\" srcset=\"https:\/\/www.einsneunzig.de\/wp-content\/uploads\/2024\/05\/Wie-mir-die-Todesstrafe-das-Leben-rettete-Cover-1-607x1024.jpg 607w, https:\/\/www.einsneunzig.de\/wp-content\/uploads\/2024\/05\/Wie-mir-die-Todesstrafe-das-Leben-rettete-Cover-1-178x300.jpg 178w, https:\/\/www.einsneunzig.de\/wp-content\/uploads\/2024\/05\/Wie-mir-die-Todesstrafe-das-Leben-rettete-Cover-1-768x1295.jpg 768w, https:\/\/www.einsneunzig.de\/wp-content\/uploads\/2024\/05\/Wie-mir-die-Todesstrafe-das-Leben-rettete-Cover-1-911x1536.jpg 911w, https:\/\/www.einsneunzig.de\/wp-content\/uploads\/2024\/05\/Wie-mir-die-Todesstrafe-das-Leben-rettete-Cover-1-1215x2048.jpg 1215w, https:\/\/www.einsneunzig.de\/wp-content\/uploads\/2024\/05\/Wie-mir-die-Todesstrafe-das-Leben-rettete-Cover-1-scaled.jpg 1518w\" sizes=\"(max-width: 607px) 100vw, 607px\" \/><\/figure><div class=\"wp-block-media-text__content\">\n<p><strong>CHRIS YOUNG &#8211; WIE MIR DIE TODESSTRAFE DAS LEBEN RETTETE<\/strong><\/p>\n\n\n\n<p>Wie kann ein Mann, der durch die Giftspritze sterben soll, noch bis zu seinem Tod steif und fest behaupten, dass ihm dieses Urteil das Leben rettete? Was f\u00fchrte zu dem Mord, der ihn in die Todeszelle brachte? Und wieso bat selbst die Familie des Opfers noch um Gnade f\u00fcr ihn? In eigenen Worten beschreibt Chris Young in dieser Biografie seinen Lebensweg. Er erz\u00e4hlt von einer Kindheit im Ghetto, von Rassismus, vom Leben in einer der ber\u00fchmtesten Gangs der Welt, von seinem Widerstand im Todestrakt und vor allem davon, wie er es schlie\u00dflich doch noch schaffte, sich von all dem zu befreien.<\/p>\n<\/div><\/div>\n\n\n\n<div class=\"wp-block-buttons is-layout-flex wp-block-buttons-is-layout-flex\">\n<div class=\"wp-block-button\"><a class=\"wp-block-button__link wp-element-button\" href=\"https:\/\/www.amazon.com\/Wie-mir-Todesstrafe-Leben-rettete-ebook\/dp\/B0CWTVLBXD\" target=\"_blank\" rel=\"noreferrer noopener\">AMAZON.COM<\/a><\/div>\n<\/div>\n","protected":false},"excerpt":{"rendered":"<p>ENGLISH EDITIONS: PETE RUSSELL &#8211; MY PEN SAID IT To be a poet is to create and march to one&#8217;s own beat. To be a poet against the malignant rhythm of this godforsaken prison, is a revolutionary act governed by a love greater than the hate Pete is so often forced to bear. Pete is [&hellip;]<\/p>\n","protected":false},"author":1,"featured_media":0,"parent":0,"menu_order":0,"comment_status":"closed","ping_status":"closed","template":"","meta":{"footnotes":""},"_links":{"self":[{"href":"https:\/\/www.einsneunzig.de\/index.php?rest_route=\/wp\/v2\/pages\/1699"}],"collection":[{"href":"https:\/\/www.einsneunzig.de\/index.php?rest_route=\/wp\/v2\/pages"}],"about":[{"href":"https:\/\/www.einsneunzig.de\/index.php?rest_route=\/wp\/v2\/types\/page"}],"author":[{"embeddable":true,"href":"https:\/\/www.einsneunzig.de\/index.php?rest_route=\/wp\/v2\/users\/1"}],"replies":[{"embeddable":true,"href":"https:\/\/www.einsneunzig.de\/index.php?rest_route=%2Fwp%2Fv2%2Fcomments&post=1699"}],"version-history":[{"count":40,"href":"https:\/\/www.einsneunzig.de\/index.php?rest_route=\/wp\/v2\/pages\/1699\/revisions"}],"predecessor-version":[{"id":1922,"href":"https:\/\/www.einsneunzig.de\/index.php?rest_route=\/wp\/v2\/pages\/1699\/revisions\/1922"}],"wp:attachment":[{"href":"https:\/\/www.einsneunzig.de\/index.php?rest_route=%2Fwp%2Fv2%2Fmedia&parent=1699"}],"curies":[{"name":"wp","href":"https:\/\/api.w.org\/{rel}","templated":true}]}}