{"id":1926,"date":"2024-05-15T18:40:26","date_gmt":"2024-05-15T18:40:26","guid":{"rendered":"https:\/\/www.einsneunzig.de\/?page_id=1926"},"modified":"2024-05-16T19:29:56","modified_gmt":"2024-05-16T19:29:56","slug":"im-trakt","status":"publish","type":"page","link":"https:\/\/www.einsneunzig.de\/?page_id=1926","title":{"rendered":"DER TODESTRAKT"},"content":{"rendered":"\n<h1 class=\"wp-block-heading has-text-align-center has-large-font-size\" style=\"font-style:normal;font-weight:700\">DER TODESTRAKT<\/h1>\n\n\n\n<p>Sieht man sich Dokumentationen im Fernsehen an, so wie es die meisten Interessierten als erstes tun, bekommt man schnell ein falsches Bild von der Realit\u00e4t im Todestrakt. Das liegt ganz einfach daran, dass es &#8222;Vorzeigezellen&#8220; gibt, die den Medien pr\u00e4sentiert werden, nur der gut ausgeleuchtete Besucherraum f\u00fcr Reporter gezeigt wird oder besonders h\u00f6flich und zuvorkommend mit den Insassen gesprochen wird; dass dies aber nicht einmal ansatzweise der Realit\u00e4t entspricht ist in Aktivistenkreisen schon sehr, sehr lange bekannt&#8230;<\/p>\n\n\n\n<p> Trotzdem muss es immer wieder richtig gestellt werden, denn woher sollen Uneingeweihte es auch besser wissen? Also m\u00fcssen echte Bilder her. Die folgenden Fotos sind weder gestellt noch gesch\u00f6nt und man kann sich nicht einmal ansatzweise den Gestank, die Ger\u00e4usche (Insassen berichten von einer &#8222;Affenhaus-Atmosph\u00e4re&#8220;) und die Enge vorstellen. Manche M\u00e4nner leben schon seit Jahrzehnten so und es sollte niemanden verwundern, dass sie irgendwann einfach den Verstand verlieren und\/oder alle Berufungen zur\u00fcckziehen, um endlich hingerichtet zu werden und diesen Ort verlassen zu k\u00f6nnen&#8230; <\/p>\n\n\n\n<hr class=\"wp-block-separator has-alpha-channel-opacity\"\/>\n\n\n<div class=\"wp-block-image\">\n<figure class=\"aligncenter size-full is-resized\"><img loading=\"lazy\" decoding=\"async\" width=\"414\" height=\"220\" src=\"https:\/\/www.einsneunzig.de\/wp-content\/uploads\/2024\/05\/Polunsky-Unit-01.jpg\" alt=\"\" class=\"wp-image-1927\" style=\"width:500px\" srcset=\"https:\/\/www.einsneunzig.de\/wp-content\/uploads\/2024\/05\/Polunsky-Unit-01.jpg 414w, https:\/\/www.einsneunzig.de\/wp-content\/uploads\/2024\/05\/Polunsky-Unit-01-300x159.jpg 300w\" sizes=\"(max-width: 414px) 100vw, 414px\" \/><figcaption class=\"wp-element-caption\">Die Todeszelle aus der Vogelperspektive! Strecken die Insassen die Arme aus k\u00f6nnen sie beide W\u00e4nde gleichzeitig ber\u00fchren&#8230;<\/figcaption><\/figure><\/div>\n\n<div class=\"wp-block-image\">\n<figure class=\"aligncenter size-full is-resized\"><img loading=\"lazy\" decoding=\"async\" width=\"640\" height=\"480\" src=\"https:\/\/www.einsneunzig.de\/wp-content\/uploads\/2024\/05\/Polunsky-Unit-02.jpg\" alt=\"\" class=\"wp-image-1928\" style=\"width:500px\" srcset=\"https:\/\/www.einsneunzig.de\/wp-content\/uploads\/2024\/05\/Polunsky-Unit-02.jpg 640w, https:\/\/www.einsneunzig.de\/wp-content\/uploads\/2024\/05\/Polunsky-Unit-02-300x225.jpg 300w\" sizes=\"(max-width: 640px) 100vw, 640px\" \/><figcaption class=\"wp-element-caption\">Bett, Toilette und Tisch sind fest verschraubt, schwere bewegliche M\u00f6bel wie zum Beispiel St\u00fchle sind verboten&#8230;<\/figcaption><\/figure><\/div>\n\n<div class=\"wp-block-image\">\n<figure class=\"aligncenter size-full is-resized\"><img loading=\"lazy\" decoding=\"async\" width=\"700\" height=\"525\" src=\"https:\/\/www.einsneunzig.de\/wp-content\/uploads\/2024\/05\/Polunsky-Unit-03.jpg\" alt=\"\" class=\"wp-image-1929\" style=\"width:500px\" srcset=\"https:\/\/www.einsneunzig.de\/wp-content\/uploads\/2024\/05\/Polunsky-Unit-03.jpg 700w, https:\/\/www.einsneunzig.de\/wp-content\/uploads\/2024\/05\/Polunsky-Unit-03-300x225.jpg 300w\" sizes=\"(max-width: 700px) 100vw, 700px\" \/><figcaption class=\"wp-element-caption\">Alle weltlichen Besitzt\u00fcmer m\u00fcssen in den Kasten unter dem Bett oder auf den Tisch passen, liegt es woanders oder passt nicht mehr wird es entsorgt&#8230;<\/figcaption><\/figure><\/div>\n\n<div class=\"wp-block-image\">\n<figure class=\"aligncenter size-full is-resized\"><img loading=\"lazy\" decoding=\"async\" width=\"640\" height=\"480\" src=\"https:\/\/www.einsneunzig.de\/wp-content\/uploads\/2024\/05\/Polunsky-Unit-04.jpg\" alt=\"\" class=\"wp-image-1931\" style=\"width:500px\" srcset=\"https:\/\/www.einsneunzig.de\/wp-content\/uploads\/2024\/05\/Polunsky-Unit-04.jpg 640w, https:\/\/www.einsneunzig.de\/wp-content\/uploads\/2024\/05\/Polunsky-Unit-04-300x225.jpg 300w\" sizes=\"(max-width: 640px) 100vw, 640px\" \/><figcaption class=\"wp-element-caption\">Wasserkocher, Radios, Schreibmaschinen etc., k\u00f6nnen nur im Gef\u00e4ngnisladen gekauft werden und sind aus durchsichtigem Plastik, um das Verstecken von Schmuggelware zu erschweren! Ist eines der Ger\u00e4te kaputt und wird vom Insassen repariert, ist es ebenfalls sofort Schmuggelware und damit unter Strafe verboten&#8230;<\/figcaption><\/figure><\/div>\n\n<div class=\"wp-block-image\">\n<figure class=\"aligncenter size-full is-resized\"><img loading=\"lazy\" decoding=\"async\" width=\"640\" height=\"480\" src=\"https:\/\/www.einsneunzig.de\/wp-content\/uploads\/2024\/05\/Polunsky-Unit-05.jpg\" alt=\"\" class=\"wp-image-1932\" style=\"width:500px\" srcset=\"https:\/\/www.einsneunzig.de\/wp-content\/uploads\/2024\/05\/Polunsky-Unit-05.jpg 640w, https:\/\/www.einsneunzig.de\/wp-content\/uploads\/2024\/05\/Polunsky-Unit-05-300x225.jpg 300w\" sizes=\"(max-width: 640px) 100vw, 640px\" \/><figcaption class=\"wp-element-caption\">&#8222;Fenster&#8220; (oben im Bild) haben nur die Insassen an den Au\u00dfenw\u00e4nden! Um sie zu erreichen rollen die Insassen ihre Matratzen zusammen und stellen sich darauf, dann ziehen sie sich am Rand hoch und haben so lange Ausblick, wie sie sich eben festhalten k\u00f6nnen&#8230;<strong> <\/strong><\/figcaption><\/figure><\/div>\n\n<div class=\"wp-block-image\">\n<figure class=\"aligncenter size-full is-resized\"><img loading=\"lazy\" decoding=\"async\" width=\"700\" height=\"525\" src=\"https:\/\/www.einsneunzig.de\/wp-content\/uploads\/2024\/05\/Polunsky-Unit-06.jpg\" alt=\"\" class=\"wp-image-1933\" style=\"width:500px\" srcset=\"https:\/\/www.einsneunzig.de\/wp-content\/uploads\/2024\/05\/Polunsky-Unit-06.jpg 700w, https:\/\/www.einsneunzig.de\/wp-content\/uploads\/2024\/05\/Polunsky-Unit-06-300x225.jpg 300w\" sizes=\"(max-width: 700px) 100vw, 700px\" \/><figcaption class=\"wp-element-caption\">W\u00e4sche muss oft selbst mit Handseife erledigt werden, im Hintergrund sieht man noch einmal die Gr\u00f6\u00dfe des Fensters im Vergleich zu den T-Shirts&#8230;<\/figcaption><\/figure><\/div>\n\n<div class=\"wp-block-image\">\n<figure class=\"aligncenter size-full is-resized\"><img loading=\"lazy\" decoding=\"async\" width=\"700\" height=\"525\" src=\"https:\/\/www.einsneunzig.de\/wp-content\/uploads\/2024\/05\/Polunsky-Unit-07.jpg\" alt=\"\" class=\"wp-image-1934\" style=\"width:500px\" srcset=\"https:\/\/www.einsneunzig.de\/wp-content\/uploads\/2024\/05\/Polunsky-Unit-07.jpg 700w, https:\/\/www.einsneunzig.de\/wp-content\/uploads\/2024\/05\/Polunsky-Unit-07-300x225.jpg 300w\" sizes=\"(max-width: 700px) 100vw, 700px\" \/><figcaption class=\"wp-element-caption\">Es wird nur eine bestimmte Anzahl an Sp\u00fclungen pro Stunde erlaubt, um \u00dcberschwemmungen als Form des Protestes vorzubeugen! Verstopft die Toilette, sind die Insassen also manchmal stundenlang zusammen mit ihren Exkrementen eingesperrt&#8230;<\/figcaption><\/figure><\/div>\n\n<div class=\"wp-block-image\">\n<figure class=\"aligncenter size-full is-resized\"><img loading=\"lazy\" decoding=\"async\" width=\"700\" height=\"525\" src=\"https:\/\/www.einsneunzig.de\/wp-content\/uploads\/2024\/05\/Polunsky-Unit-044.jpg\" alt=\"\" class=\"wp-image-2042\" style=\"width:500px\" srcset=\"https:\/\/www.einsneunzig.de\/wp-content\/uploads\/2024\/05\/Polunsky-Unit-044.jpg 700w, https:\/\/www.einsneunzig.de\/wp-content\/uploads\/2024\/05\/Polunsky-Unit-044-300x225.jpg 300w\" sizes=\"(max-width: 700px) 100vw, 700px\" \/><figcaption class=\"wp-element-caption\">Dabei kann der Frust so gro\u00df werden, dass die Insassen ihre eigene Zelle anz\u00fcnden und sich damit in Lebensgefahr bringen, ihre W\u00e4nde mit Kot beschmieren oder sich selbst einsperren, bis die Wachmannschaften sie mit Gewalt aus der Zelle holen&#8230; <\/figcaption><\/figure><\/div>\n\n<div class=\"wp-block-image\">\n<figure class=\"aligncenter size-full is-resized\"><img loading=\"lazy\" decoding=\"async\" width=\"700\" height=\"525\" src=\"https:\/\/www.einsneunzig.de\/wp-content\/uploads\/2024\/05\/Polunsky-Unit-08.jpg\" alt=\"\" class=\"wp-image-1935\" style=\"width:500px\" srcset=\"https:\/\/www.einsneunzig.de\/wp-content\/uploads\/2024\/05\/Polunsky-Unit-08.jpg 700w, https:\/\/www.einsneunzig.de\/wp-content\/uploads\/2024\/05\/Polunsky-Unit-08-300x225.jpg 300w\" sizes=\"(max-width: 700px) 100vw, 700px\" \/><figcaption class=\"wp-element-caption\">Die Insassen m\u00fcssen sich mit dem R\u00fccken zur T\u00fcr stellen, wenn ihnen durch diese Klappe die Handschellen angelegt werden, ohne Handschellen verl\u00e4sst kein Insasse seine Zelle&#8230;<\/figcaption><\/figure><\/div>\n\n<div class=\"wp-block-image\">\n<figure class=\"aligncenter size-full is-resized\"><img loading=\"lazy\" decoding=\"async\" width=\"640\" height=\"480\" src=\"https:\/\/www.einsneunzig.de\/wp-content\/uploads\/2024\/05\/Polunsky-Unit-09.jpg\" alt=\"\" class=\"wp-image-1936\" style=\"width:500px\" srcset=\"https:\/\/www.einsneunzig.de\/wp-content\/uploads\/2024\/05\/Polunsky-Unit-09.jpg 640w, https:\/\/www.einsneunzig.de\/wp-content\/uploads\/2024\/05\/Polunsky-Unit-09-300x225.jpg 300w\" sizes=\"(max-width: 640px) 100vw, 640px\" \/><figcaption class=\"wp-element-caption\">Aber auch das Essen wird durch diese Klappe in die Zellen bef\u00f6rdert, in einem Schleusensystem, damit es nicht aus Protest wieder hinausgeworfen werden kann&#8230;<\/figcaption><\/figure><\/div>\n\n<div class=\"wp-block-image\">\n<figure class=\"aligncenter size-full is-resized\"><img loading=\"lazy\" decoding=\"async\" width=\"700\" height=\"525\" src=\"https:\/\/www.einsneunzig.de\/wp-content\/uploads\/2024\/05\/Polunsky-Unit-10.jpg\" alt=\"\" class=\"wp-image-1937\" style=\"width:500px\" srcset=\"https:\/\/www.einsneunzig.de\/wp-content\/uploads\/2024\/05\/Polunsky-Unit-10.jpg 700w, https:\/\/www.einsneunzig.de\/wp-content\/uploads\/2024\/05\/Polunsky-Unit-10-300x225.jpg 300w\" sizes=\"(max-width: 700px) 100vw, 700px\" \/><figcaption class=\"wp-element-caption\">Oft wird behauptet, den Menschen im Todestrakt ginge es noch zu gut, sie w\u00fcrden ja alles auf dem Silbertablett serviert bekommen; hier sehen wir dieses Tablett einmal&#8230; <\/figcaption><\/figure><\/div>\n\n<div class=\"wp-block-image\">\n<figure class=\"aligncenter size-full is-resized\"><img loading=\"lazy\" decoding=\"async\" width=\"850\" height=\"570\" src=\"https:\/\/www.einsneunzig.de\/wp-content\/uploads\/2024\/05\/Polunsky-Unit-11.jpg\" alt=\"\" class=\"wp-image-1938\" style=\"width:500px\" srcset=\"https:\/\/www.einsneunzig.de\/wp-content\/uploads\/2024\/05\/Polunsky-Unit-11.jpg 850w, https:\/\/www.einsneunzig.de\/wp-content\/uploads\/2024\/05\/Polunsky-Unit-11-300x201.jpg 300w, https:\/\/www.einsneunzig.de\/wp-content\/uploads\/2024\/05\/Polunsky-Unit-11-768x515.jpg 768w, https:\/\/www.einsneunzig.de\/wp-content\/uploads\/2024\/05\/Polunsky-Unit-11-272x182.jpg 272w\" sizes=\"(max-width: 850px) 100vw, 850px\" \/><figcaption class=\"wp-element-caption\">Privatsph\u00e4re gibt es nicht, der Insasse muss jederzeit zu sehen sein; Fenster verh\u00e4ngen ist unter Strafe verboten und Zuwiderhandlungen k\u00f6nnen das Einsatzteam bestehend aus sechs M\u00e4nnern in Kampfr\u00fcstung zur Folge haben&#8230;<\/figcaption><\/figure><\/div>\n\n<div class=\"wp-block-image\">\n<figure class=\"aligncenter size-full is-resized\"><img loading=\"lazy\" decoding=\"async\" width=\"700\" height=\"525\" src=\"https:\/\/www.einsneunzig.de\/wp-content\/uploads\/2024\/05\/Polunsky-Unit-12.jpg\" alt=\"\" class=\"wp-image-1939\" style=\"width:500px\" srcset=\"https:\/\/www.einsneunzig.de\/wp-content\/uploads\/2024\/05\/Polunsky-Unit-12.jpg 700w, https:\/\/www.einsneunzig.de\/wp-content\/uploads\/2024\/05\/Polunsky-Unit-12-300x225.jpg 300w\" sizes=\"(max-width: 700px) 100vw, 700px\" \/><figcaption class=\"wp-element-caption\">Der Todestrakt ist zweist\u00f6ckig, fr\u00fcher sind widerspenstige Insassen gerne mal mit auf dem R\u00fccken gefesselten H\u00e4nden solch eine Treppe &#8222;hinabgestolpert&#8220;! Seit die G\u00e4nge video\u00fcberwacht sind, sind diese Vorf\u00e4lle stark zur\u00fcckgegangen&#8230;<\/figcaption><\/figure><\/div>\n\n<div class=\"wp-block-image\">\n<figure class=\"aligncenter size-full is-resized\"><img loading=\"lazy\" decoding=\"async\" width=\"640\" height=\"480\" src=\"https:\/\/www.einsneunzig.de\/wp-content\/uploads\/2024\/05\/Polunsky-Unit-13.jpg\" alt=\"\" class=\"wp-image-1940\" style=\"width:500px\" srcset=\"https:\/\/www.einsneunzig.de\/wp-content\/uploads\/2024\/05\/Polunsky-Unit-13.jpg 640w, https:\/\/www.einsneunzig.de\/wp-content\/uploads\/2024\/05\/Polunsky-Unit-13-300x225.jpg 300w\" sizes=\"(max-width: 640px) 100vw, 640px\" \/><figcaption class=\"wp-element-caption\">Dies ist die Dusche, ganz links sieht man bereits die Stahlt\u00fcr, die hinter dem Insassen geschlossen wird! Gibt es zu wenig Wachen, sind die Insassen hier stundenlang nackt und nass eingeschlossen..<strong>.<\/strong><\/figcaption><\/figure><\/div>\n\n<div class=\"wp-block-image\">\n<figure class=\"aligncenter size-full is-resized\"><img loading=\"lazy\" decoding=\"async\" width=\"640\" height=\"480\" src=\"https:\/\/www.einsneunzig.de\/wp-content\/uploads\/2024\/05\/Polunsky-Unit-14.jpg\" alt=\"\" class=\"wp-image-1941\" style=\"width:500px\" srcset=\"https:\/\/www.einsneunzig.de\/wp-content\/uploads\/2024\/05\/Polunsky-Unit-14.jpg 640w, https:\/\/www.einsneunzig.de\/wp-content\/uploads\/2024\/05\/Polunsky-Unit-14-300x225.jpg 300w\" sizes=\"(max-width: 640px) 100vw, 640px\" \/><figcaption class=\"wp-element-caption\">Dies ist der Au\u00dfenbereich, in dem die Insassen t\u00e4glich eine Stunde alleine verbringen d\u00fcrfen, das dient der &#8222;Erholung&#8220;; den Rest des Tages verbringen sie alleine in ihrer Zelle&#8230;<\/figcaption><\/figure><\/div>\n\n<div class=\"wp-block-image\">\n<figure class=\"aligncenter size-full is-resized\"><img loading=\"lazy\" decoding=\"async\" width=\"700\" height=\"525\" src=\"https:\/\/www.einsneunzig.de\/wp-content\/uploads\/2024\/05\/Polunsky-Unit-15.jpg\" alt=\"\" class=\"wp-image-1942\" style=\"width:500px\" srcset=\"https:\/\/www.einsneunzig.de\/wp-content\/uploads\/2024\/05\/Polunsky-Unit-15.jpg 700w, https:\/\/www.einsneunzig.de\/wp-content\/uploads\/2024\/05\/Polunsky-Unit-15-300x225.jpg 300w\" sizes=\"(max-width: 700px) 100vw, 700px\" \/><figcaption class=\"wp-element-caption\">Der Au\u00dfengang zum Besucherraum! Viele Insassen berichten davon, wie qu\u00e4lend es ist, diesen Gang entlang zu gehen und trotzdem seit Jahrzehnten kein Gras mehr unter den F\u00fc\u00dfen gesp\u00fcrt zu haben&#8230;<\/figcaption><\/figure><\/div>\n\n<div class=\"wp-block-image\">\n<figure class=\"aligncenter size-full is-resized\"><img loading=\"lazy\" decoding=\"async\" width=\"700\" height=\"525\" src=\"https:\/\/www.einsneunzig.de\/wp-content\/uploads\/2024\/05\/Polunsky-Unit-16.jpg\" alt=\"\" class=\"wp-image-1943\" style=\"width:500px\" srcset=\"https:\/\/www.einsneunzig.de\/wp-content\/uploads\/2024\/05\/Polunsky-Unit-16.jpg 700w, https:\/\/www.einsneunzig.de\/wp-content\/uploads\/2024\/05\/Polunsky-Unit-16-300x225.jpg 300w\" sizes=\"(max-width: 700px) 100vw, 700px\" \/><figcaption class=\"wp-element-caption\">Dies ist der K\u00e4fig, in den der Insasse w\u00e4hrend der Besuchszeit gesperrt wird! Er sitzt dabei hinter Panzerglas und die Kommunikation findet per Telefon statt, oft stark rauschend oder g\u00e4nzlich unverst\u00e4ndlich&#8230;<\/figcaption><\/figure><\/div>\n\n<div class=\"wp-block-image\">\n<figure class=\"aligncenter size-full is-resized\"><img loading=\"lazy\" decoding=\"async\" width=\"700\" height=\"525\" src=\"https:\/\/www.einsneunzig.de\/wp-content\/uploads\/2024\/05\/Polunsky-Unit-17.jpg\" alt=\"\" class=\"wp-image-1944\" style=\"width:500px\" srcset=\"https:\/\/www.einsneunzig.de\/wp-content\/uploads\/2024\/05\/Polunsky-Unit-17.jpg 700w, https:\/\/www.einsneunzig.de\/wp-content\/uploads\/2024\/05\/Polunsky-Unit-17-300x225.jpg 300w\" sizes=\"(max-width: 700px) 100vw, 700px\" \/><figcaption class=\"wp-element-caption\">Und auch im Besucherraum gibt es keine Privatsph\u00e4re, weder f\u00fcr Ehepaare, noch f\u00fcr Familie oder Freunde&#8230;<\/figcaption><\/figure><\/div>","protected":false},"excerpt":{"rendered":"<p>DER TODESTRAKT Sieht man sich Dokumentationen im Fernsehen an, so wie es die meisten Interessierten als erstes tun, bekommt man schnell ein falsches Bild von der Realit\u00e4t im Todestrakt. Das liegt ganz einfach daran, dass es &#8222;Vorzeigezellen&#8220; gibt, die den Medien pr\u00e4sentiert werden, nur der gut ausgeleuchtete Besucherraum f\u00fcr Reporter gezeigt wird oder besonders h\u00f6flich [&hellip;]<\/p>\n","protected":false},"author":1,"featured_media":0,"parent":0,"menu_order":0,"comment_status":"closed","ping_status":"closed","template":"","meta":{"footnotes":""},"_links":{"self":[{"href":"https:\/\/www.einsneunzig.de\/index.php?rest_route=\/wp\/v2\/pages\/1926"}],"collection":[{"href":"https:\/\/www.einsneunzig.de\/index.php?rest_route=\/wp\/v2\/pages"}],"about":[{"href":"https:\/\/www.einsneunzig.de\/index.php?rest_route=\/wp\/v2\/types\/page"}],"author":[{"embeddable":true,"href":"https:\/\/www.einsneunzig.de\/index.php?rest_route=\/wp\/v2\/users\/1"}],"replies":[{"embeddable":true,"href":"https:\/\/www.einsneunzig.de\/index.php?rest_route=%2Fwp%2Fv2%2Fcomments&post=1926"}],"version-history":[{"count":23,"href":"https:\/\/www.einsneunzig.de\/index.php?rest_route=\/wp\/v2\/pages\/1926\/revisions"}],"predecessor-version":[{"id":2068,"href":"https:\/\/www.einsneunzig.de\/index.php?rest_route=\/wp\/v2\/pages\/1926\/revisions\/2068"}],"wp:attachment":[{"href":"https:\/\/www.einsneunzig.de\/index.php?rest_route=%2Fwp%2Fv2%2Fmedia&parent=1926"}],"curies":[{"name":"wp","href":"https:\/\/api.w.org\/{rel}","templated":true}]}}