{"id":1998,"date":"2024-05-16T14:51:19","date_gmt":"2024-05-16T14:51:19","guid":{"rendered":"https:\/\/www.einsneunzig.de\/?page_id=1998"},"modified":"2024-05-16T14:51:20","modified_gmt":"2024-05-16T14:51:20","slug":"videos","status":"publish","type":"page","link":"https:\/\/www.einsneunzig.de\/?page_id=1998","title":{"rendered":"VIDEOS"},"content":{"rendered":"\n<h2 class=\"wp-block-heading has-text-align-center has-large-font-size\" style=\"font-style:normal;font-weight:700\">VIDEOS<\/h2>\n\n\n\n<p>Die folgenden drei Videos zeigen den friedlichen Protest von Tony Ford aus dem November 2005. Die Insassen hatten zu dieser Zeit eine Taktik ausgearbeitet, bei der sie sich pl\u00f6tzlich hinsetzten und so den laufenden Betrieb aufhielten, damit wollten sie niemandem schaden, aber trotzdem klar machen, dass sie nicht weiter dabei mithelfen w\u00fcrden, die Todesmaschinerie reibungslos am Laufen zu halten. &#8222;<em>Man kann den Mann zwar t\u00f6ten, aber man kann nicht von ihm erwarten, dabei auch noch mitzuhelfen<\/em>&#8220; war die Botschaft&#8230;<\/p>\n\n\n\n<p>Die anschlie\u00dfende Prozedur ist dabei heute noch genau so wie sie im Jahr 2005 war: Erst wird der Insasse aufgefordert (und sehr oft bedroht) wieder aufzustehen, dann wird bei seiner Weigerung das Sicherheitsteam geholt. Dieses besteht wie auf den Videos zu sehen aus 5-6 M\u00e4nnern in Nahkampfausr\u00fcstung inklusive Schlagst\u00f6cken, Pfefferspray, Schilden etc.! Eine Videokamera wird eingeschaltet und ein standardisierter Text wird vorgetragen, mit dem der Insasse noch einmal verwarnt wird. Reagiert dieser nicht, wird er notfalls mit Gewalt in einen Stuhl oder auf eine Liege verfrachtet, wo man ihn fesselt und dann zur\u00fcck in seine Zelle bringt! Anschlie\u00dfend wird dar\u00fcber entschieden, wie er f\u00fcr sein Vergehen bestraft wird&#8230;<\/p>\n\n\n\n<p>Man w\u00fcrde den Insassen jetzt aber Unrecht tun, wenn man ihre Aktionen deswegen f\u00fcr sinnlos hielte, denn sie sind wohlkalkuliert und gut durchdacht! Die Insassen wissen genau, dass sie in ihren Zellen enden und f\u00fcr ihre Weigerung bezahlen werden, oft haben sie das schon vor dem Einschalten der Kamera (inoffiziell) getan, aber nur so sind die Beh\u00f6rden auch dazu gezwungen, den Protest offiziell zur Kenntnis zu nehmen und ein Videodokument davon anfertigen zu lassen&#8230;<\/p>\n\n\n\n<figure class=\"wp-block-embed aligncenter is-type-video is-provider-youtube wp-block-embed-youtube wp-embed-aspect-16-9 wp-has-aspect-ratio\"><div class=\"wp-block-embed__wrapper\">\n<iframe loading=\"lazy\" title=\"Tony Egbuna Ford - Peaceful protest (Nov  2, 2005) at Allan B. Polunsky Unit (Death row)\" width=\"720\" height=\"405\" src=\"https:\/\/www.youtube.com\/embed\/5209XOcDgA4?feature=oembed\" frameborder=\"0\" allow=\"accelerometer; autoplay; clipboard-write; encrypted-media; gyroscope; picture-in-picture; web-share\" referrerpolicy=\"strict-origin-when-cross-origin\" allowfullscreen><\/iframe>\n<\/div><\/figure>\n\n\n\n<figure class=\"wp-block-embed aligncenter is-type-video is-provider-youtube wp-block-embed-youtube wp-embed-aspect-16-9 wp-has-aspect-ratio\"><div class=\"wp-block-embed__wrapper\">\n<iframe loading=\"lazy\" title=\"Tony Egbuna Ford - Peaceful protest (Nov. 3, 2005) at Allan B. Polunsky Unit (Death row)\" width=\"720\" height=\"405\" src=\"https:\/\/www.youtube.com\/embed\/OwPW6RAl4sk?feature=oembed\" frameborder=\"0\" allow=\"accelerometer; autoplay; clipboard-write; encrypted-media; gyroscope; picture-in-picture; web-share\" referrerpolicy=\"strict-origin-when-cross-origin\" allowfullscreen><\/iframe>\n<\/div><\/figure>\n\n\n\n<figure class=\"wp-block-embed is-type-video is-provider-youtube wp-block-embed-youtube wp-embed-aspect-16-9 wp-has-aspect-ratio\"><div class=\"wp-block-embed__wrapper\">\n<iframe loading=\"lazy\" title=\"Tony Egbuna Ford - Peaceful protest (Nov. 10, 2005) at Allan B. Polunsky Unit (Death row)\" width=\"720\" height=\"405\" src=\"https:\/\/www.youtube.com\/embed\/XVQgFaMb2eA?feature=oembed\" frameborder=\"0\" allow=\"accelerometer; autoplay; clipboard-write; encrypted-media; gyroscope; picture-in-picture; web-share\" referrerpolicy=\"strict-origin-when-cross-origin\" allowfullscreen><\/iframe>\n<\/div><\/figure>\n","protected":false},"excerpt":{"rendered":"<p>VIDEOS Die folgenden drei Videos zeigen den friedlichen Protest von Tony Ford aus dem November 2005. Die Insassen hatten zu dieser Zeit eine Taktik ausgearbeitet, bei der sie sich pl\u00f6tzlich hinsetzten und so den laufenden Betrieb aufhielten, damit wollten sie niemandem schaden, aber trotzdem klar machen, dass sie nicht weiter dabei mithelfen w\u00fcrden, die Todesmaschinerie [&hellip;]<\/p>\n","protected":false},"author":1,"featured_media":0,"parent":0,"menu_order":0,"comment_status":"closed","ping_status":"closed","template":"","meta":{"footnotes":""},"_links":{"self":[{"href":"https:\/\/www.einsneunzig.de\/index.php?rest_route=\/wp\/v2\/pages\/1998"}],"collection":[{"href":"https:\/\/www.einsneunzig.de\/index.php?rest_route=\/wp\/v2\/pages"}],"about":[{"href":"https:\/\/www.einsneunzig.de\/index.php?rest_route=\/wp\/v2\/types\/page"}],"author":[{"embeddable":true,"href":"https:\/\/www.einsneunzig.de\/index.php?rest_route=\/wp\/v2\/users\/1"}],"replies":[{"embeddable":true,"href":"https:\/\/www.einsneunzig.de\/index.php?rest_route=%2Fwp%2Fv2%2Fcomments&post=1998"}],"version-history":[{"count":9,"href":"https:\/\/www.einsneunzig.de\/index.php?rest_route=\/wp\/v2\/pages\/1998\/revisions"}],"predecessor-version":[{"id":2007,"href":"https:\/\/www.einsneunzig.de\/index.php?rest_route=\/wp\/v2\/pages\/1998\/revisions\/2007"}],"wp:attachment":[{"href":"https:\/\/www.einsneunzig.de\/index.php?rest_route=%2Fwp%2Fv2%2Fmedia&parent=1998"}],"curies":[{"name":"wp","href":"https:\/\/api.w.org\/{rel}","templated":true}]}}